{"id":156,"date":"2019-12-28T10:13:34","date_gmt":"2019-12-28T16:13:34","guid":{"rendered":"https:\/\/hotelesmundoimperial.com\/florayfauna\/?page_id=156"},"modified":"2020-01-16T17:46:02","modified_gmt":"2020-01-16T23:46:02","slug":"inicio","status":"publish","type":"page","link":"https:\/\/hotelesmundoimperial.com\/florayfauna\/","title":{"rendered":"Inicio"},"content":{"rendered":"\n<h2>Bienvenido<\/h2>\n\n\n\n<p>La flora es el conjunto de las plantas que pueblan un h\u00e1bitat, mientras que la\u00a0<strong>fauna<\/strong>\u00a0es el conjunto de especies animales que habitan en una regi\u00f3n geogr\u00e1fica, que son propias de un per\u00edodo geol\u00f3gico o que se pueden encontrar en un ecosistema determinado.<\/p>\n\n\n\n<div class=\"is-layout-flex wp-container-3 wp-block-columns\">\n<div class=\"is-layout-flow wp-block-column\">\n<h2 class=\"has-text-align-center\"><a href=\"https:\/\/hotelesmundoimperial.com\/florayfauna\/complejo-mundo-imperial\/\">Complejo Mundo Imperial<\/a><\/h2>\n\n\n\n<figure class=\"wp-block-image size-large\"><img decoding=\"async\" loading=\"lazy\" width=\"1024\" height=\"767\" src=\"https:\/\/hotelesmundoimperial.com\/florayfauna\/wp-content\/uploads\/2020\/01\/aereas-3-1024x767.jpg\" alt=\"\" class=\"wp-image-1547\" srcset=\"https:\/\/hotelesmundoimperial.com\/florayfauna\/wp-content\/uploads\/2020\/01\/aereas-3-1024x767.jpg 1024w, https:\/\/hotelesmundoimperial.com\/florayfauna\/wp-content\/uploads\/2020\/01\/aereas-3-300x225.jpg 300w, https:\/\/hotelesmundoimperial.com\/florayfauna\/wp-content\/uploads\/2020\/01\/aereas-3-768x575.jpg 768w, https:\/\/hotelesmundoimperial.com\/florayfauna\/wp-content\/uploads\/2020\/01\/aereas-3.jpg 1200w\" sizes=\"(max-width: 1024px) 100vw, 1024px\" \/><\/figure>\n\n\n\n<h3>Palacio Mundo Imperial<\/h3>\n\n\n\n<p>Situado en la exclusiva zona Riviera Diamante de Acapulco, Palacio Mundo Imperial ofrece un nuevo concepto de hotel de lujo costero. Este espectacular resort cuenta con 814 hermosas habitaciones y suites.<\/p>\n\n\n\n<ul><li><a href=\"https:\/\/hotelesmundoimperial.com\/florayfauna\/palacio-mundo-imperial-flora\/\">Flora<\/a><\/li><li><a href=\"https:\/\/hotelesmundoimperial.com\/florayfauna\/palacio-mundo-imperial-fauna\/\">Fauna<\/a><\/li><\/ul>\n\n\n\n<h3>Forum Mundo Imperial<\/h3>\n\n\n\n<p>El foro de entretenimiento de primera categor\u00eda Forum Mundo Imperial, y el Paseo Mundo Imperial, una din\u00e1mica explanada al aire libre con restaurantes chic, boutiques exclusivas y salas de conciertos.\u00a0<\/p>\n\n\n\n<ul><li><a href=\"https:\/\/hotelesmundoimperial.com\/florayfauna\/forum-mundo-imperial-flora\/\">Flora<\/a><\/li><\/ul>\n\n\n\n<h3>Expo Mundo Imperial<\/h3>\n\n\n\n<p>Nuestro centro de convenciones donde se reciben los grupos m\u00e1s importantes del pa\u00eds.<\/p>\n\n\n\n<ul><li><a href=\"https:\/\/hotelesmundoimperial.com\/florayfauna\/expo-mundo-imperial-flora\/\">Flora<\/a><\/li><li><a href=\"https:\/\/hotelesmundoimperial.com\/florayfauna\/expo-mundo-imperial-fauna\/\">Fauna<\/a><\/li><\/ul>\n\n\n\n<h3>Scala Ocean Club<\/h3>\n\n\n\n<ul><li><a href=\"https:\/\/hotelesmundoimperial.com\/florayfauna\/scala-flora\/\">Flora<\/a><\/li><li><a href=\"https:\/\/hotelesmundoimperial.com\/florayfauna\/scala-fauna\/\">Fauna<\/a><\/li><\/ul>\n<\/div>\n\n\n\n<div class=\"is-layout-flow wp-block-column\">\n<h2 class=\"has-text-align-center\"><a href=\"https:\/\/hotelesmundoimperial.com\/florayfauna\/princess-mundo-imperial\/\">Princess Mundo Imperial<\/a><\/h2>\n\n\n\n<figure class=\"wp-block-image size-large\"><img decoding=\"async\" loading=\"lazy\" width=\"1024\" height=\"767\" src=\"https:\/\/hotelesmundoimperial.com\/florayfauna\/wp-content\/uploads\/2020\/01\/aereas-4-2-1-1024x767.jpg\" alt=\"\" class=\"wp-image-1549\" srcset=\"https:\/\/hotelesmundoimperial.com\/florayfauna\/wp-content\/uploads\/2020\/01\/aereas-4-2-1-1024x767.jpg 1024w, https:\/\/hotelesmundoimperial.com\/florayfauna\/wp-content\/uploads\/2020\/01\/aereas-4-2-1-300x225.jpg 300w, https:\/\/hotelesmundoimperial.com\/florayfauna\/wp-content\/uploads\/2020\/01\/aereas-4-2-1-768x575.jpg 768w, https:\/\/hotelesmundoimperial.com\/florayfauna\/wp-content\/uploads\/2020\/01\/aereas-4-2-1.jpg 1200w\" sizes=\"(max-width: 1024px) 100vw, 1024px\" \/><\/figure>\n\n\n\n<p>Con vista a la playa Revolcadero, Princess Mundo Imperial es un resort familiar, nombrado como uno de los mejores 500 hoteles en el mundo, le ofrece aventuras y disfrute en una de las playas m\u00e1s hermosas de Acapulco.<\/p>\n\n\n\n<ul><li><a href=\"https:\/\/hotelesmundoimperial.com\/florayfauna\/princess-mundo-imperial-flora\/\">Flora<\/a><\/li><li><a href=\"https:\/\/hotelesmundoimperial.com\/florayfauna\/princess-mundo-imperial-fauna\/\">Fauna<\/a><\/li><\/ul>\n<\/div>\n<\/div>\n\n\n\n<div class=\"is-layout-flex wp-container-6 wp-block-columns\">\n<div class=\"is-layout-flow wp-block-column\">\n<h2 class=\"has-text-align-center\"><a href=\"https:\/\/hotelesmundoimperial.com\/florayfauna\/pierre-mundo-imperial\/\">Pierre Mundo Imperial<\/a><\/h2>\n\n\n\n<figure class=\"wp-block-image size-large\"><img decoding=\"async\" loading=\"lazy\" width=\"1024\" height=\"767\" src=\"https:\/\/hotelesmundoimperial.com\/florayfauna\/wp-content\/uploads\/2020\/01\/pierre-1024x767.jpg\" alt=\"\" class=\"wp-image-1552\" srcset=\"https:\/\/hotelesmundoimperial.com\/florayfauna\/wp-content\/uploads\/2020\/01\/pierre-1024x767.jpg 1024w, https:\/\/hotelesmundoimperial.com\/florayfauna\/wp-content\/uploads\/2020\/01\/pierre-300x225.jpg 300w, https:\/\/hotelesmundoimperial.com\/florayfauna\/wp-content\/uploads\/2020\/01\/pierre-768x575.jpg 768w, https:\/\/hotelesmundoimperial.com\/florayfauna\/wp-content\/uploads\/2020\/01\/pierre.jpg 1200w\" sizes=\"(max-width: 1024px) 100vw, 1024px\" \/><\/figure>\n\n\n\n<ul><li><a href=\"https:\/\/hotelesmundoimperial.com\/florayfauna\/pierre-mundo-imperial-flora\/\">Flora<\/a><\/li><li><a href=\"https:\/\/hotelesmundoimperial.com\/florayfauna\/pierre-mundo-imperial-fauna\/\">Fauna<\/a><\/li><\/ul>\n<\/div>\n\n\n\n<div class=\"is-layout-flow wp-block-column\">\n<h2 class=\"has-text-align-center\"><a href=\"https:\/\/hotelesmundoimperial.com\/florayfauna\/xtasea\/\">Xtasea<\/a><\/h2>\n\n\n\n<figure class=\"wp-block-image size-large\"><img decoding=\"async\" loading=\"lazy\" width=\"1024\" height=\"767\" src=\"https:\/\/hotelesmundoimperial.com\/florayfauna\/wp-content\/uploads\/2020\/01\/xtasea-1024x767.jpg\" alt=\"\" class=\"wp-image-1551\" srcset=\"https:\/\/hotelesmundoimperial.com\/florayfauna\/wp-content\/uploads\/2020\/01\/xtasea-1024x767.jpg 1024w, https:\/\/hotelesmundoimperial.com\/florayfauna\/wp-content\/uploads\/2020\/01\/xtasea-300x225.jpg 300w, https:\/\/hotelesmundoimperial.com\/florayfauna\/wp-content\/uploads\/2020\/01\/xtasea-768x575.jpg 768w, https:\/\/hotelesmundoimperial.com\/florayfauna\/wp-content\/uploads\/2020\/01\/xtasea.jpg 1200w\" sizes=\"(max-width: 1024px) 100vw, 1024px\" \/><\/figure>\n\n\n\n<ul><li><a href=\"https:\/\/hotelesmundoimperial.com\/florayfauna\/xtasea-flora\/\">Flora<\/a><\/li><li><a href=\"https:\/\/hotelesmundoimperial.com\/florayfauna\/xtasea-fauna\/\">Fauna<\/a><\/li><\/ul>\n<\/div>\n<\/div>\n\n\n\n<div style=\"height:27px\" aria-hidden=\"true\" class=\"wp-block-spacer\"><\/div>\n\n\n\n<div class=\"wp-block-coblocks-row coblocks-row-77123959945\" data-columns=\"2\" data-layout=\"66-33\"><div class=\"wp-block-coblocks-row__inner has-medium-gutter has-no-padding has-no-margin is-stacked-on-mobile\">\n<div class=\"wp-block-coblocks-column coblocks-column-771240515\" style=\"width:66%\"><div class=\"wp-block-coblocks-column__inner has-no-padding has-no-margin\"><\/div><\/div>\n\n\n\n<div class=\"wp-block-coblocks-column coblocks-column-771240519\" style=\"width:33%\"><div class=\"wp-block-coblocks-column__inner has-no-padding has-no-margin\"><\/div><\/div>\n<\/div><\/div>\n\n\n\n<figure class=\"wp-block-image alignfull size-large\"><img decoding=\"async\" loading=\"lazy\" width=\"1024\" height=\"220\" src=\"https:\/\/hotelesmundoimperial.com\/florayfauna\/wp-content\/uploads\/2020\/01\/Artboard-1-1024x220.jpg\" alt=\"\" class=\"wp-image-1558\" srcset=\"https:\/\/hotelesmundoimperial.com\/florayfauna\/wp-content\/uploads\/2020\/01\/Artboard-1-1024x220.jpg 1024w, https:\/\/hotelesmundoimperial.com\/florayfauna\/wp-content\/uploads\/2020\/01\/Artboard-1-300x65.jpg 300w, https:\/\/hotelesmundoimperial.com\/florayfauna\/wp-content\/uploads\/2020\/01\/Artboard-1-768x165.jpg 768w, https:\/\/hotelesmundoimperial.com\/florayfauna\/wp-content\/uploads\/2020\/01\/Artboard-1.jpg 1200w\" sizes=\"(max-width: 1024px) 100vw, 1024px\" \/><\/figure>\n","protected":false},"excerpt":{"rendered":"<p>Bienvenido La flora es el conjunto de las plantas que pueblan un h\u00e1bitat, mientras que la\u00a0fauna\u00a0es el conjunto de especies&hellip;<\/p>\n","protected":false},"author":1,"featured_media":0,"parent":0,"menu_order":0,"comment_status":"closed","ping_status":"closed","template":"","meta":{"_coblocks_attr":"","_coblocks_dimensions":"","_coblocks_responsive_height":"","_coblocks_accordion_ie_support":""},"_links":{"self":[{"href":"https:\/\/hotelesmundoimperial.com\/florayfauna\/wp-json\/wp\/v2\/pages\/156"}],"collection":[{"href":"https:\/\/hotelesmundoimperial.com\/florayfauna\/wp-json\/wp\/v2\/pages"}],"about":[{"href":"https:\/\/hotelesmundoimperial.com\/florayfauna\/wp-json\/wp\/v2\/types\/page"}],"author":[{"embeddable":true,"href":"https:\/\/hotelesmundoimperial.com\/florayfauna\/wp-json\/wp\/v2\/users\/1"}],"replies":[{"embeddable":true,"href":"https:\/\/hotelesmundoimperial.com\/florayfauna\/wp-json\/wp\/v2\/comments?post=156"}],"version-history":[{"count":28,"href":"https:\/\/hotelesmundoimperial.com\/florayfauna\/wp-json\/wp\/v2\/pages\/156\/revisions"}],"predecessor-version":[{"id":1561,"href":"https:\/\/hotelesmundoimperial.com\/florayfauna\/wp-json\/wp\/v2\/pages\/156\/revisions\/1561"}],"wp:attachment":[{"href":"https:\/\/hotelesmundoimperial.com\/florayfauna\/wp-json\/wp\/v2\/media?parent=156"}],"curies":[{"name":"wp","href":"https:\/\/api.w.org\/{rel}","templated":true}]}}